{"id":156,"date":"2026-03-09T07:16:41","date_gmt":"2026-03-09T07:16:41","guid":{"rendered":"https:\/\/comfortable-bronze-koala.183-81-169-77.cpanel.site\/?page_id=156"},"modified":"2026-03-20T09:58:58","modified_gmt":"2026-03-20T09:58:58","slug":"contact-us","status":"publish","type":"page","link":"https:\/\/comfortable-bronze-koala.183-81-169-77.cpanel.site\/index.php\/contact-us\/","title":{"rendered":"Contact Us"},"content":{"rendered":"\t\t<div data-elementor-type=\"wp-post\" data-elementor-id=\"156\" class=\"elementor elementor-156\">\n\t\t\t\t<div class=\"elementor-element elementor-element-be4f9ae e-flex e-con-boxed wpr-particle-no wpr-jarallax-no wpr-parallax-no wpr-sticky-section-no e-con e-parent\" data-id=\"be4f9ae\" data-element_type=\"container\" data-e-type=\"container\" data-settings=\"{&quot;background_background&quot;:&quot;classic&quot;}\">\n\t\t\t\t\t<div class=\"e-con-inner\">\n\t\t\t\t<div class=\"elementor-element elementor-element-706351f elementor-widget elementor-widget-heading\" data-id=\"706351f\" data-element_type=\"widget\" data-e-type=\"widget\" data-widget_type=\"heading.default\">\n\t\t\t\t\t<h2 class=\"elementor-heading-title elementor-size-default\">Vi er her for \u00e5 hjelpe. <br>Kontakt oss n\u00e5r som helst!<\/h2>\t\t\t\t<\/div>\n\t\t\t\t<div class=\"elementor-element elementor-element-fa3a3d3 elementor-widget elementor-widget-text-editor\" data-id=\"fa3a3d3\" data-element_type=\"widget\" data-e-type=\"widget\" data-widget_type=\"text-editor.default\">\n\t\t\t\t\t\t\t\t\t<p id=\"tw-target-text\" class=\"tw-data-text tw-text-large tw-ta\" dir=\"ltr\" tabindex=\"-1\" role=\"text\" data-placeholder=\"Translation\" data-ved=\"2ahUKEwiq3puQkq6TAxW_zDgGHRBdI4UQ3ewLegQIDhAV\" aria-label=\"Translated text: Vi er her for \u00e5 hjelpe. Kontakt oss n\u00e5r som helst! Har du sp\u00f8rsm\u00e5l eller trenger du st\u00f8tte? Teamet v\u00e5rt er her for \u00e5 hjelpe d\u00f8gnet rundt. Kontakt oss i dag!\"><span class=\"Y2IQFc\" lang=\"no\">Har du sp\u00f8rsm\u00e5l eller trenger du st\u00f8tte? Teamet v\u00e5rt er her for \u00e5 hjelpe d\u00f8gnet rundt. Kontakt oss i dag!<\/span><\/p>\t\t\t\t\t\t\t\t<\/div>\n\t\t\t\t\t<\/div>\n\t\t\t\t<\/div>\n\t\t<div class=\"elementor-element elementor-element-fb75f04 e-flex e-con-boxed wpr-particle-no wpr-jarallax-no wpr-parallax-no wpr-sticky-section-no e-con e-parent\" data-id=\"fb75f04\" data-element_type=\"container\" data-e-type=\"container\" data-settings=\"{&quot;background_background&quot;:&quot;classic&quot;}\">\n\t\t\t\t\t<div class=\"e-con-inner\">\n\t\t<div class=\"elementor-element elementor-element-1a014a3 e-grid e-con-full wpr-particle-no wpr-jarallax-no wpr-parallax-no wpr-sticky-section-no e-con e-child\" data-id=\"1a014a3\" data-element_type=\"container\" data-e-type=\"container\">\n\t\t<div class=\"elementor-element elementor-element-684dd69 e-con-full e-flex wpr-particle-no wpr-jarallax-no wpr-parallax-no wpr-sticky-section-no e-con e-child\" data-id=\"684dd69\" data-element_type=\"container\" data-e-type=\"container\">\n\t\t\t\t<div class=\"elementor-element elementor-element-a1391e4 elementor-widget elementor-widget-heading\" data-id=\"a1391e4\" data-element_type=\"widget\" data-e-type=\"widget\" data-widget_type=\"heading.default\">\n\t\t\t\t\t<h2 class=\"elementor-heading-title elementor-size-default\">Kontaktinformasjon<\/h2>\t\t\t\t<\/div>\n\t\t\t\t<div class=\"elementor-element elementor-element-0a6bc81 elementor-widget elementor-widget-text-editor\" data-id=\"0a6bc81\" data-element_type=\"widget\" data-e-type=\"widget\" data-widget_type=\"text-editor.default\">\n\t\t\t\t\t\t\t\t\t<p>Vi er tilgjengelige for \u00e5 svare p\u00e5 dine sp\u00f8rsm\u00e5l og hjelpe deg med IPTV-l\u00f8sninger.<\/p>\t\t\t\t\t\t\t\t<\/div>\n\t\t\t\t<div class=\"elementor-element elementor-element-399613b elementor-position-inline-start elementor-view-default elementor-mobile-position-block-start elementor-widget elementor-widget-icon-box\" data-id=\"399613b\" data-element_type=\"widget\" data-e-type=\"widget\" data-widget_type=\"icon-box.default\">\n\t\t\t\t\t\t\t<div class=\"elementor-icon-box-wrapper\">\n\n\t\t\t\t\t\t<div class=\"elementor-icon-box-icon\">\n\t\t\t\t<span  class=\"elementor-icon\">\n\t\t\t\t<svg xmlns=\"http:\/\/www.w3.org\/2000\/svg\" width=\"64\" height=\"64\" viewBox=\"0 0 64 64\" fill=\"none\"><rect width=\"63.2562\" height=\"63.2562\" rx=\"31.6281\" fill=\"#F35105\"><\/rect><path fill-rule=\"evenodd\" clip-rule=\"evenodd\" d=\"M18.3408 30.6688L26.5606 36.3598L23.0744 39.8554C22.9792 39.9464 22.9032 40.0555 22.8508 40.1763C22.7983 40.297 22.7704 40.427 22.7687 40.5586C22.767 40.6903 22.7916 40.8209 22.841 40.9429C22.8904 41.065 22.9636 41.176 23.0564 41.2694C23.1491 41.3628 23.2596 41.4369 23.3813 41.4872C23.503 41.5375 23.6335 41.563 23.7652 41.5623C23.8969 41.5617 24.0271 41.5348 24.1483 41.4832C24.2695 41.4317 24.3792 41.3565 24.471 41.2622L28.2237 37.5108L30.7077 39.2373C30.8737 39.3523 31.0708 39.414 31.2728 39.414C31.4747 39.414 31.6719 39.3523 31.8378 39.2373L34.3219 37.5108L38.0639 41.2622C38.1563 41.3545 38.266 41.4278 38.3868 41.4778C38.5075 41.5278 38.6369 41.5535 38.7676 41.5535C38.8983 41.5535 39.0277 41.5278 39.1484 41.4778C39.2691 41.4278 39.3788 41.3545 39.4712 41.2622C39.5636 41.1698 39.6369 41.0601 39.6869 40.9394C39.7369 40.8188 39.7627 40.6894 39.7627 40.5588C39.7627 40.4281 39.7369 40.2988 39.6869 40.1781C39.6369 40.0574 39.5636 39.9478 39.4712 39.8554L35.985 36.3598L44.2048 30.6688V41.6245C44.2076 42.0569 44.1247 42.4855 43.9608 42.8856C43.7969 43.2857 43.5553 43.6494 43.25 43.9556C42.9446 44.2618 42.5816 44.5045 42.1819 44.6696C41.7821 44.8348 41.3536 44.9191 40.9211 44.9176H21.6777C21.2452 44.9191 20.8167 44.8348 20.417 44.6696C20.0173 44.5045 19.6543 44.2618 19.3489 43.9556C19.0436 43.6494 18.802 43.2857 18.6381 42.8856C18.4742 42.4855 18.3913 42.0569 18.3941 41.6245L18.3408 30.6688ZM25.9422 27.7806C25.6956 27.8061 25.4672 27.9221 25.3012 28.1062C25.1352 28.2902 25.0433 28.5292 25.0433 28.7771C25.0433 29.0249 25.1352 29.2639 25.3012 29.448C25.4672 29.632 25.6956 29.748 25.9422 29.7735H36.6034C36.7429 29.788 36.884 29.773 37.0174 29.7295C37.1508 29.686 37.2735 29.615 37.3777 29.521C37.4819 29.4271 37.5652 29.3123 37.6223 29.1842C37.6793 29.056 37.7087 28.9173 37.7087 28.7771C37.7087 28.6368 37.6793 28.4981 37.6223 28.37C37.5652 28.2418 37.4819 28.127 37.3777 28.0331C37.2735 27.9392 37.1508 27.8682 37.0174 27.8247C36.884 27.7812 36.7429 27.7662 36.6034 27.7806H25.9422ZM40.8678 27.3223L43.3839 28.8357L40.8678 30.5835V27.3223ZM21.6777 27.3223V30.5196L19.183 28.8357L21.6777 27.3223ZM25.8143 22.388C25.5457 22.405 25.2948 22.5279 25.1168 22.7297C24.9389 22.9316 24.8485 23.1959 24.8654 23.4644C24.8824 23.7329 25.0054 23.9837 25.2073 24.1616C25.4092 24.3394 25.6736 24.4298 25.9422 24.4129H31.2728C31.5414 24.4129 31.799 24.3062 31.989 24.1164C32.1789 23.9265 32.2856 23.669 32.2856 23.4004C32.2856 23.1319 32.1789 22.8744 31.989 22.6845C31.799 22.4947 31.5414 22.388 31.2728 22.388H25.8143ZM35.4733 20.7787L37.7228 23.4537H35.4733V20.7787ZM24.8761 19.0522H33.5223V24.5195C33.5223 24.7852 33.6279 25.04 33.8158 25.2278C34.0038 25.4157 34.2587 25.5213 34.5244 25.5213H38.8849V31.9796L31.2728 37.2017L23.6927 31.9796V20.2565C23.6919 20.1055 23.7218 19.9559 23.7804 19.8167C23.839 19.6775 23.9253 19.5516 24.0339 19.4466C24.1353 19.3215 24.2638 19.2211 24.4097 19.1528C24.5556 19.0845 24.715 19.0501 24.8761 19.0522ZM34.4711 17.0593H24.8761C24.0278 17.0593 23.2143 17.3962 22.6145 17.9958C22.0147 18.5953 21.6777 19.4086 21.6777 20.2565V25.0523L16.8909 27.9298C16.7328 28.011 16.5991 28.1327 16.5035 28.2825C16.408 28.4323 16.354 28.6049 16.3472 28.7824V41.6245C16.3612 43.0285 16.929 44.3702 17.9272 45.3581C18.9253 46.3459 20.2732 46.9 21.6777 46.8999H40.9744C42.3605 46.8722 43.6812 46.3059 44.6565 45.3211C45.6317 44.3362 46.1848 43.0102 46.1984 41.6245V28.7824C46.1973 28.5912 46.1415 28.4043 46.0376 28.2438C45.9337 28.0833 45.7861 27.9558 45.612 27.8765L40.8678 24.999V24.7752C40.9089 24.6143 40.9079 24.4454 40.865 24.285C40.8221 24.1245 40.7386 23.9777 40.6226 23.8587L35.292 17.4643C35.1998 17.3338 35.0764 17.2284 34.933 17.1576C34.7897 17.0869 34.6309 17.0531 34.4711 17.0593Z\" fill=\"white\"><\/path><\/svg>\t\t\t\t<\/span>\n\t\t\t<\/div>\n\t\t\t\n\t\t\t\t\t\t<div class=\"elementor-icon-box-content\">\n\n\t\t\t\t\t\t\t\t\t<h3 class=\"elementor-icon-box-title\">\n\t\t\t\t\t\t<span  >\n\t\t\t\t\t\t\tE-postadresse\t\t\t\t\t\t<\/span>\n\t\t\t\t\t<\/h3>\n\t\t\t\t\n\t\t\t\t\t\t\t\t\t<p class=\"elementor-icon-box-description\">\n\t\t\t\t\t\tiptv@gmail.com\t\t\t\t\t<\/p>\n\t\t\t\t\n\t\t\t<\/div>\n\t\t\t\n\t\t<\/div>\n\t\t\t\t\t\t<\/div>\n\t\t\t\t<div class=\"elementor-element elementor-element-b9cd5cf elementor-position-inline-start elementor-view-default elementor-mobile-position-block-start elementor-widget elementor-widget-icon-box\" data-id=\"b9cd5cf\" data-element_type=\"widget\" data-e-type=\"widget\" data-widget_type=\"icon-box.default\">\n\t\t\t\t\t\t\t<div class=\"elementor-icon-box-wrapper\">\n\n\t\t\t\t\t\t<div class=\"elementor-icon-box-icon\">\n\t\t\t\t<span  class=\"elementor-icon\">\n\t\t\t\t<svg xmlns=\"http:\/\/www.w3.org\/2000\/svg\" width=\"64\" height=\"64\" viewBox=\"0 0 64 64\" fill=\"none\"><rect width=\"63.2562\" height=\"63.2562\" rx=\"31.6281\" fill=\"#F35105\"><\/rect><path d=\"M19.7178 22.7382L23.3693 19.3735C23.4982 19.254 23.6495 19.1613 23.8145 19.1008C23.9795 19.0404 24.1549 19.0133 24.3304 19.0212C24.5059 19.0292 24.6781 19.0719 24.8369 19.1471C24.9958 19.2222 25.1382 19.3282 25.2558 19.4589L27.7753 22.2506C27.6536 22.409 27.2763 22.7748 26.7895 23.3843L25.2924 25.347C25.253 25.3952 25.2202 25.4485 25.195 25.5055C24.7794 26.2394 24.5204 27.0518 24.4345 27.8912C24.3486 28.7305 24.4376 29.5786 24.696 30.3818C25.2883 32.0037 26.2271 33.4765 27.4467 34.6973C28.5696 36.0164 29.9933 37.045 31.5972 37.6962C32.353 37.9956 33.1693 38.1098 33.978 38.0293C34.7868 37.9487 35.5646 37.6757 36.2467 37.2329L38.3159 35.8798C38.961 35.4531 39.3626 35.0996 39.533 34.9899L42.0525 37.7328C42.1742 37.8603 42.2689 38.011 42.3313 38.176C42.3936 38.341 42.4223 38.5168 42.4154 38.693C42.4086 38.8693 42.3665 39.0424 42.2916 39.202C42.2168 39.3616 42.1106 39.5046 41.9795 39.6223L38.328 42.9992C37.2935 43.9378 35.1635 44.0354 32.8144 43.3283C30.5959 42.6678 28.5675 41.4848 26.899 39.8783L21.86 34.4535C20.402 32.6522 19.3924 30.5295 18.9145 28.2606C18.4155 25.859 18.6832 23.7378 19.7178 22.7382ZM18.1599 21.1046C16.1637 22.9332 16.0785 25.9809 16.6628 28.736C17.196 31.4315 18.4019 33.9478 20.1682 36.0504L25.1706 41.5119C27.1023 43.4464 29.4941 44.8561 32.1206 45.608C34.847 46.4369 37.8412 46.5954 39.8373 44.7546L43.4888 41.39C44.1951 40.7346 44.6144 39.8264 44.6554 38.8629C44.6965 37.8994 44.3559 36.9587 43.7078 36.2455L41.237 33.5026C40.9212 33.1206 40.4966 32.8442 40.0199 32.7102C39.5486 32.6185 39.0602 32.6872 38.6323 32.9052C38.0862 33.2252 37.5689 33.5923 37.0865 34.0024L35.0296 35.3678C34.6525 35.6245 34.2152 35.7786 33.7607 35.815C33.3062 35.8513 32.85 35.7686 32.437 35.575C31.1778 35.023 30.0618 34.1889 29.1751 33.1369C28.1944 32.1482 27.4314 30.9646 26.9355 29.6625C26.7518 29.1611 26.6827 28.6249 26.7332 28.0933C26.7838 27.5616 26.9527 27.0481 27.2276 26.5904L28.676 24.774C29.1214 24.3209 29.5285 23.8316 29.8932 23.3111C30.1441 22.9029 30.2512 22.4222 30.1975 21.9458C30.1123 21.4467 29.8741 20.9865 29.5159 20.6292L26.9477 17.9472C26.2934 17.2398 25.3865 16.8198 24.4246 16.7787C23.4626 16.7376 22.5234 17.0787 21.8113 17.7278L18.1599 21.1046Z\" fill=\"white\"><\/path><path d=\"M19.961 19.4092C19.7592 19.6332 19.6475 19.9242 19.6475 20.2259C19.6475 20.5277 19.7592 20.8187 19.961 21.0427L25 26.5407C25.2161 26.7514 25.5025 26.8743 25.8038 26.8856C26.1052 26.8968 26.3999 26.7957 26.631 26.6017C26.7423 26.5002 26.8325 26.3776 26.8964 26.2411C26.9603 26.1046 26.9967 25.9568 27.0035 25.8062C27.0103 25.6556 26.9873 25.5051 26.936 25.3634C26.8846 25.2216 26.8058 25.0915 26.7041 24.9803L21.6042 19.4823C21.5025 19.3672 21.3787 19.2737 21.2403 19.2075C21.1018 19.1413 20.9514 19.1037 20.7981 19.0968C20.6448 19.09 20.4917 19.1141 20.3479 19.1678C20.2041 19.2215 20.0725 19.3035 19.961 19.4092Z\" fill=\"white\"><\/path><path d=\"M35.0904 35.8779C34.8886 36.1019 34.7769 36.393 34.7769 36.6947C34.7769 36.9964 34.8886 37.2875 35.0904 37.5115L40.1416 43.0095C40.3482 43.2342 40.6355 43.3675 40.9402 43.3801C41.2449 43.3926 41.5422 43.2835 41.7665 43.0765C41.9909 42.8696 42.124 42.5819 42.1365 42.2767C42.1491 41.9715 42.0401 41.6738 41.8335 41.4491L36.7336 35.9511C36.6319 35.8359 36.5081 35.7425 36.3697 35.6763C36.2312 35.6101 36.0808 35.5724 35.9275 35.5656C35.7742 35.5588 35.6211 35.5829 35.4773 35.6366C35.3335 35.6902 35.2019 35.7723 35.0904 35.8779Z\" fill=\"white\"><\/path><path d=\"M35.6975 21.519C35.5299 21.6742 35.4125 21.876 35.3603 22.0985C35.3082 22.3211 35.3237 22.5541 35.4048 22.7678C35.486 22.9814 35.629 23.1659 35.8157 23.2974C36.0023 23.429 36.2239 23.5017 36.4521 23.5061C37.1711 23.5409 37.8471 23.859 38.3328 24.3912C38.8185 24.9233 39.0744 25.6262 39.0446 26.3465C39.039 26.497 39.0631 26.6471 39.1154 26.7883C39.1677 26.9295 39.2473 27.059 39.3496 27.1693C39.4519 27.2797 39.5749 27.3688 39.7115 27.4316C39.8482 27.4943 39.9959 27.5295 40.1461 27.5351C40.2964 27.5407 40.4463 27.5166 40.5872 27.4642C40.7282 27.4118 40.8574 27.3321 40.9676 27.2297C41.0778 27.1272 41.1668 27.004 41.2295 26.8671C41.2921 26.7303 41.3273 26.5824 41.3329 26.4319C41.3744 25.7592 41.2793 25.085 41.0534 24.4501C40.8274 23.8152 40.4753 23.2328 40.0183 22.7381C39.115 21.7632 37.864 21.185 36.5373 21.1289C36.217 21.1431 35.9152 21.2833 35.6975 21.519Z\" fill=\"white\"><\/path><path d=\"M35.8206 16.7273C35.6734 16.8904 35.5762 17.0925 35.5406 17.3095C35.5049 17.5265 35.5324 17.7491 35.6196 17.9509C35.7069 18.1527 35.8503 18.3251 36.0326 18.4475C36.215 18.5699 36.4287 18.6371 36.6482 18.6412C37.639 18.6819 38.612 18.9182 39.5114 19.3363C40.4108 19.7545 41.2189 20.3463 41.8895 21.078C42.56 21.8096 43.0798 22.6666 43.419 23.5999C43.7581 24.5331 43.91 25.5242 43.8659 26.5164C43.8489 26.8319 43.9549 27.1418 44.1615 27.3806C44.3681 27.6193 44.6593 27.7685 44.9735 27.7964C45.2963 27.7964 45.6059 27.668 45.8342 27.4394C46.0624 27.2108 46.1907 26.9007 46.1907 26.5774C46.2444 25.2828 46.042 23.9904 45.5951 22.7745C45.1482 21.5586 44.4656 20.4433 43.5867 19.4927C42.7077 18.542 41.6496 17.7749 40.4735 17.2355C39.2973 16.696 38.0262 16.3949 36.7334 16.3494C36.5627 16.34 36.3921 16.3692 36.2342 16.4346C36.0762 16.5 35.9349 16.6 35.8206 16.7273Z\" fill=\"white\"><\/path><path d=\"M33.6884 27.0285C33.5773 27.1309 33.4874 27.2543 33.4239 27.3915C33.3604 27.5288 33.3246 27.6772 33.3184 27.8283C33.3121 27.9794 33.3357 28.1303 33.3877 28.2723C33.4397 28.4143 33.5191 28.5447 33.6214 28.6559C33.7237 28.7672 33.8469 28.8572 33.9839 28.9208C34.1209 28.9844 34.2691 29.0203 34.42 29.0265C34.5709 29.0328 34.7215 29.0092 34.8633 28.9571C35.0051 28.905 35.1352 28.8254 35.2463 28.723L36.1592 27.8818C36.3835 27.6749 36.5166 27.3872 36.5292 27.082C36.5417 26.7768 36.4327 26.4791 36.2261 26.2544C36.0195 26.0297 35.7323 25.8964 35.4275 25.8838C35.1228 25.8712 34.8256 25.9804 34.6012 26.1873L33.6884 27.0285Z\" fill=\"white\"><\/path><\/svg>\t\t\t\t<\/span>\n\t\t\t<\/div>\n\t\t\t\n\t\t\t\t\t\t<div class=\"elementor-icon-box-content\">\n\n\t\t\t\t\t\t\t\t\t<h3 class=\"elementor-icon-box-title\">\n\t\t\t\t\t\t<span  >\n\t\t\t\t\t\t\tTelefonnummer\t\t\t\t\t\t<\/span>\n\t\t\t\t\t<\/h3>\n\t\t\t\t\n\t\t\t\t\t\t\t\t\t<p class=\"elementor-icon-box-description\">\n\t\t\t\t\t\t+1 12345 67890\t\t\t\t\t<\/p>\n\t\t\t\t\n\t\t\t<\/div>\n\t\t\t\n\t\t<\/div>\n\t\t\t\t\t\t<\/div>\n\t\t\t\t<\/div>\n\t\t\t\t<div class=\"elementor-element elementor-element-b3c52fb wpr-step-type-number_text wpr-step-content-layout-vertical wpr-custom-styles-yes elementor-widget elementor-widget-wpr-form-builder\" data-id=\"b3c52fb\" data-element_type=\"widget\" data-e-type=\"widget\" data-settings=\"{&quot;success_message&quot;:&quot;Submission successful&quot;,&quot;error_message&quot;:&quot;Submission failed&quot;,&quot;button_width&quot;:{&quot;unit&quot;:&quot;%&quot;,&quot;size&quot;:100,&quot;sizes&quot;:[]},&quot;button_width_tablet&quot;:{&quot;unit&quot;:&quot;px&quot;,&quot;size&quot;:&quot;&quot;,&quot;sizes&quot;:[]},&quot;button_width_mobile&quot;:{&quot;unit&quot;:&quot;px&quot;,&quot;size&quot;:&quot;&quot;,&quot;sizes&quot;:[]},&quot;step_type&quot;:&quot;number_text&quot;,&quot;step_content_layout&quot;:&quot;vertical&quot;}\" data-widget_type=\"wpr-form-builder.default\">\n\t\t\t\t\t\t\t<form class=\"wpr-form\" method=\"post\" name=\"New Form\" page=\"Contact Us\" page_id=\"156\" novalidate>\n\t\t\t<input type=\"hidden\" name=\"post_id\" value=\"156\"\/>\n\t\t\t<input type=\"hidden\" name=\"form_id\" value=\"b3c52fb\"\/>\n\t\t\t<input type=\"hidden\" name=\"referer_title\" value=\"\" \/>\n\n\t\t\t<div class=\"wpr-step-wrap\"><\/div>\n\t\t\t<div class=\"wpr-form-fields-wrap wpr-labels-\">\n\t\t\t\t\t\t\t\t\t<div class=\"wpr-form-field-type-text wpr-field-group wpr-column wpr-field-group-name elementor-repeater-item-979a40b\">\n\t\t\t\t\t\t\t\t\t\t\t\t\t\t<label for=\"form-field-name\" class=\"wpr-form-field-label wpr-hidden-element\" data-alt-label=\"Name\">\n\t\t\t\t\t\t\t\t\tName\t\t\t\t\t\t\t\t<\/label>\n\t\t\t\t\t\t\t<input size=\"1 \"type=\"text\" name=\"form_fields[name]\" id=\"form-field-name\" class=\"wpr-form-field  wpr-form-field-textual\" placeholder=\"Name\">\t\t\t\t\t<\/div>\n\t\t\t\t\t\t\t\t\t<div class=\"wpr-form-field-type-email wpr-field-group wpr-column wpr-field-group-email elementor-repeater-item-f4e61a1 wpr-form-field-required\">\n\t\t\t\t\t\t\t\t\t\t\t\t\t\t<label for=\"form-field-email\" class=\"wpr-form-field-label wpr-hidden-element\" data-alt-label=\"Email\">\n\t\t\t\t\t\t\t\t\tEmail\t\t\t\t\t\t\t\t<\/label>\n\t\t\t\t\t\t\t<input size=\"1 \"type=\"email\" name=\"form_fields[email]\" id=\"form-field-email\" class=\"wpr-form-field  wpr-form-field-textual\" placeholder=\"Email\" required=\"required\" aria-required=\"true\">\t\t\t\t\t<\/div>\n\t\t\t\t\t\t\t\t\t<div class=\"wpr-form-field-type-textarea wpr-field-group wpr-column wpr-field-group-message elementor-repeater-item-d78e42f\">\n\t\t\t\t\t\t\t\t\t\t\t\t\t\t<label for=\"form-field-message\" class=\"wpr-form-field-label wpr-hidden-element\" data-alt-label=\"Message\">\n\t\t\t\t\t\t\t\t\tMessage\t\t\t\t\t\t\t\t<\/label>\n\t\t\t\t\t\t\t<textarea class=\"wpr-form-field-textual wpr-form-field \" name=\"form_fields[message]\" id=\"form-field-message\" rows=\"7\" placeholder=\"Message\"><\/textarea>\t\t\t\t\t<\/div>\n\t\t\t\t<div class=\"wpr-field-group wpr-stp-btns-wrap wpr-column wpr-form-field-type-submit\" data-actions=\"[&quot;email&quot;]\" data-redirect-url=\"\" data-mailchimp-fields=\"{&quot;email_field&quot;:&quot;&quot;,&quot;first_name_field&quot;:&quot;&quot;,&quot;last_name_field&quot;:&quot;&quot;,&quot;address_field&quot;:&quot;&quot;,&quot;phone_field&quot;:&quot;&quot;,&quot;birthday_field&quot;:&quot;&quot;,&quot;group_id&quot;:&quot;&quot;}\" data-list-id=\"\">\t\t\t<button type=\"submit\" class=\"wpr-button\">\n\t\t\t\t<span >\n\t\t\t\t\t\t\t\t\t\t\t\t\t\t\t\t<span>Send<\/span>\n\t\t\t\t\t\t\t\t\t\t\t\t\t\t<\/span>\t\n\t\t\t\t<div class=\"wpr-double-bounce wpr-loader-hidden\">\n\t\t\t\t\t<div class=\"wpr-child wpr-double-bounce1\"><\/div>\n\t\t\t\t\t<div class=\"wpr-child wpr-double-bounce2\"><\/div>\n\t\t\t\t<\/div>\n\t\t\t<\/button>\n\t\t<\/div>\t\t\t\t\n\t\t\t<\/div>\n\t\t<\/form>\n\t  \t\t\t\t<\/div>\n\t\t\t\t<\/div>\n\t\t\t\t\t<\/div>\n\t\t\t\t<\/div>\n\t\t<div class=\"elementor-element elementor-element-7df039e e-con-full e-flex wpr-particle-no wpr-jarallax-no wpr-parallax-no wpr-sticky-section-no e-con e-parent\" data-id=\"7df039e\" data-element_type=\"container\" data-e-type=\"container\">\n\t\t\t\t<div class=\"elementor-element elementor-element-2916a34 elementor-widget elementor-widget-google_maps\" data-id=\"2916a34\" data-element_type=\"widget\" data-e-type=\"widget\" data-widget_type=\"google_maps.default\">\n\t\t\t\t\t\t\t<div class=\"elementor-custom-embed\">\n\t\t\t<iframe loading=\"lazy\"\n\t\t\t\t\tsrc=\"https:\/\/maps.google.com\/maps?q=London%20Eye%2C%20London%2C%20United%20Kingdom&#038;t=m&#038;z=10&#038;output=embed&#038;iwloc=near\"\n\t\t\t\t\ttitle=\"London Eye, London, United Kingdom\"\n\t\t\t\t\taria-label=\"London Eye, London, United Kingdom\"\n\t\t\t><\/iframe>\n\t\t<\/div>\n\t\t\t\t\t\t<\/div>\n\t\t\t\t<\/div>\n\t\t\t\t<\/div>\n\t\t","protected":false},"excerpt":{"rendered":"<p>Vi er her for \u00e5 hjelpe. Kontakt oss n\u00e5r som helst! Har du sp\u00f8rsm\u00e5l eller trenger du st\u00f8tte? Teamet v\u00e5rt er her for \u00e5 hjelpe d\u00f8gnet rundt. Kontakt oss i dag! Kontaktinformasjon Vi er tilgjengelige for \u00e5 svare p\u00e5 dine sp\u00f8rsm\u00e5l og hjelpe deg med IPTV-l\u00f8sninger. E-postadresse iptv@gmail.com Telefonnummer +1 12345 67890 Name Email Message Send<\/p>\n","protected":false},"author":1,"featured_media":0,"parent":0,"menu_order":0,"comment_status":"closed","ping_status":"closed","template":"elementor_header_footer","meta":{"footnotes":""},"class_list":["post-156","page","type-page","status-publish","hentry"],"_links":{"self":[{"href":"https:\/\/comfortable-bronze-koala.183-81-169-77.cpanel.site\/index.php\/wp-json\/wp\/v2\/pages\/156","targetHints":{"allow":["GET"]}}],"collection":[{"href":"https:\/\/comfortable-bronze-koala.183-81-169-77.cpanel.site\/index.php\/wp-json\/wp\/v2\/pages"}],"about":[{"href":"https:\/\/comfortable-bronze-koala.183-81-169-77.cpanel.site\/index.php\/wp-json\/wp\/v2\/types\/page"}],"author":[{"embeddable":true,"href":"https:\/\/comfortable-bronze-koala.183-81-169-77.cpanel.site\/index.php\/wp-json\/wp\/v2\/users\/1"}],"replies":[{"embeddable":true,"href":"https:\/\/comfortable-bronze-koala.183-81-169-77.cpanel.site\/index.php\/wp-json\/wp\/v2\/comments?post=156"}],"version-history":[{"count":25,"href":"https:\/\/comfortable-bronze-koala.183-81-169-77.cpanel.site\/index.php\/wp-json\/wp\/v2\/pages\/156\/revisions"}],"predecessor-version":[{"id":271,"href":"https:\/\/comfortable-bronze-koala.183-81-169-77.cpanel.site\/index.php\/wp-json\/wp\/v2\/pages\/156\/revisions\/271"}],"wp:attachment":[{"href":"https:\/\/comfortable-bronze-koala.183-81-169-77.cpanel.site\/index.php\/wp-json\/wp\/v2\/media?parent=156"}],"curies":[{"name":"wp","href":"https:\/\/api.w.org\/{rel}","templated":true}]}}